{"id":909,"date":"2023-03-27T22:06:44","date_gmt":"2023-03-27T20:06:44","guid":{"rendered":"https:\/\/www.new.patacca.nl\/media-2\/"},"modified":"2023-10-28T21:49:13","modified_gmt":"2023-10-28T19:49:13","slug":"media","status":"publish","type":"page","link":"https:\/\/www.patacca.nl\/en\/media\/","title":{"rendered":"Media"},"content":{"rendered":"\t\t\t<div \n\t\t\tclass=\"yotu-playlist yotuwp yotu-limit-min   yotu-thumb-169  yotu-template-grid\" \n\t\t\tdata-page=\"1\"\n\t\t\tid=\"yotuwp-69f746d450179\"\n\t\t\tdata-yotu=\"69f746d4b9fa7\"\n\t\t\tdata-total=\"3\"\n\t\t\tdata-settings=\"eyJ0eXBlIjoicGxheWxpc3QiLCJpZCI6IlBMRTU1NDhFMEQwNThFRTc0RCIsInBhZ2luYXRpb24iOiJvZmYiLCJwYWdpdHlwZSI6InBhZ2VyIiwiY29sdW1uIjoiMyIsInBlcl9wYWdlIjoiMTIiLCJ0ZW1wbGF0ZSI6ImdyaWQiLCJ0aXRsZSI6Im9uIiwiZGVzY3JpcHRpb24iOiJvbiIsInRodW1icmF0aW8iOiIxNjkiLCJtZXRhIjoib2ZmIiwibWV0YV9kYXRhIjoib2ZmIiwibWV0YV9wb3NpdGlvbiI6Im9mZiIsImRhdGVfZm9ybWF0Ijoib2ZmIiwibWV0YV9hbGlnbiI6Im9mZiIsInN1YnNjcmliZSI6Im9mZiIsImR1cmF0aW9uIjoib2ZmIiwibWV0YV9pY29uIjoib2ZmIiwibmV4dHRleHQiOiIiLCJwcmV2dGV4dCI6IiIsImxvYWRtb3JldGV4dCI6IiIsInBsYXllciI6eyJtb2RlIjoibGFyZ2UiLCJ3aWR0aCI6IjYwMCIsInNjcm9sbGluZyI6IjEwMCIsImF1dG9wbGF5IjowLCJjb250cm9scyI6MSwibW9kZXN0YnJhbmRpbmciOjEsImxvb3AiOjAsImF1dG9uZXh0IjowLCJzaG93aW5mbyI6MSwicmVsIjoxLCJwbGF5aW5nIjowLCJwbGF5aW5nX2Rlc2NyaXB0aW9uIjowLCJ0aHVtYm5haWxzIjowLCJjY19sb2FkX3BvbGljeSI6IjEiLCJjY19sYW5nX3ByZWYiOiIxIiwiaGwiOiIiLCJpdl9sb2FkX3BvbGljeSI6IjEifSwibGFzdF90YWIiOiJzdHlsaW5nIiwidXNlX2FzX21vZGFsIjoib2ZmIiwibW9kYWxfaWQiOiJvZmYiLCJsYXN0X3VwZGF0ZSI6IjE2Nzk5NTE0OTkiLCJzdHlsaW5nIjp7InBhZ2VyX2xheW91dCI6ImRlZmF1bHQiLCJidXR0b24iOiIzIiwiYnV0dG9uX2NvbG9yIjoiIiwiYnV0dG9uX2JnX2NvbG9yIjoiIiwiYnV0dG9uX2NvbG9yX2hvdmVyIjoiIiwiYnV0dG9uX2JnX2NvbG9yX2hvdmVyIjoiIiwidmlkZW9fc3R5bGUiOiJncGx1cyIsInBsYXlpY29uX2NvbG9yIjoiIiwiaG92ZXJfaWNvbiI6IiIsImdhbGxlcnlfYmciOiIifSwiZWZmZWN0cyI6eyJ2aWRlb19ib3giOiIiLCJmbGlwX2VmZmVjdCI6IiJ9LCJnYWxsZXJ5X2lkIjoiNjlmNzQ2ZDQ1MDE3OSIsIm5leHQiOiJFQUFhSGxCVU9rTkJkMmxGUkVaSFRWUkdRazFFV1hwUmEwazFUbnBhUkUxcVVRIiwicHJldiI6IiJ9\"\n\t\t\tdata-player=\"large\"\n\t\t\tdata-showdesc=\"on\" >\n\t\t\t\t<div>\n\t\t\t\t\t\t\t\t\t\t<div class=\"yotu-wrapper-player\" style=\"width:600px\">\n\t\t\t\t\t\t\t\t\t\t\t\t<div class=\"yotu-player\">\n\t\t\t\t\t\t\t<div class=\"yotu-video-placeholder\" id=\"yotu-player-69f746d4b9fa7\"><\/div>\n\t\t\t\t\t\t<\/div>\n\t\t\t\t\t\t<div class=\"yotu-playing-status\"><\/div>\n\t\t\t\t\t\t\t\t\t\t\t<\/div>\n\n\t\t\t\t\t<div class=\"yotu-videos yotu-mode-grid yotu-preset yotu-preset-gplus yotu-column-3 yotu-player-mode-large\">\n\t<ul>\n\t\t\t\t\t<li class=\" yotu-first\">\n\t\t\t\t\t\t\t\t<a href=\"#Qkyb-uXm2zs\" class=\"yotu-video\" data-videoid=\"Qkyb-uXm2zs\" data-title=\"Dido and Aeneas - Henry Purcell\" title=\"Dido and Aeneas - Henry Purcell\">\n\t\t\t\t\t<div class=\"yotu-video-thumb-wrp\">\n\t\t\t\t\t\t<div>\n\t\t\t\t\t\t\t\t\t\t\t\t\t\t<img decoding=\"async\" class=\"yotu-video-thumb\" src=\"https:\/\/i.ytimg.com\/vi\/Qkyb-uXm2zs\/sddefault.jpg\" alt=\"Dido and Aeneas - Henry Purcell\">\t\n\t\t\t\t\t\t\t\t\t\t\t\t\t<\/div>\n\t\t\t\t\t<\/div>\n\t\t\t\t\t\t\t\t\t\t\t<h3 class=\"yotu-video-title\">Dido and Aeneas - Henry Purcell<\/h3>\n\t\t\t\t\t\t\t\t\t\t\t\t\t\t\t\t\t\t\t\t\t<div class=\"yotu-video-description\"><\/div>\n\t\t\t\t\t\t\t\t\t<\/a>\n\t\t\t\t\t\t\t<\/li>\n\t\t\t\t\n\t\t\t\t\t\t<li class=\"\">\n\t\t\t\t\t\t\t\t<a href=\"#GkHaJIkcscA\" class=\"yotu-video\" data-videoid=\"GkHaJIkcscA\" data-title=\"Lorelei by Clara Schumann: Claudia Patacca &amp; Marien van Nieukerken\" title=\"Lorelei by Clara Schumann: Claudia Patacca &amp; Marien van Nieukerken\">\n\t\t\t\t\t<div class=\"yotu-video-thumb-wrp\">\n\t\t\t\t\t\t<div>\n\t\t\t\t\t\t\t\t\t\t\t\t\t\t<img decoding=\"async\" class=\"yotu-video-thumb\" src=\"https:\/\/i.ytimg.com\/vi\/GkHaJIkcscA\/sddefault.jpg\" alt=\"Lorelei by Clara Schumann: Claudia Patacca &amp; Marien van Nieukerken\">\t\n\t\t\t\t\t\t\t\t\t\t\t\t\t<\/div>\n\t\t\t\t\t<\/div>\n\t\t\t\t\t\t\t\t\t\t\t<h3 class=\"yotu-video-title\">Lorelei by Clara Schumann: Claudia Patacca &amp; Marien van Nieukerken<\/h3>\n\t\t\t\t\t\t\t\t\t\t\t\t\t\t\t\t\t\t\t\t\t<div class=\"yotu-video-description\"><\/div>\n\t\t\t\t\t\t\t\t\t<\/a>\n\t\t\t\t\t\t\t<\/li>\n\t\t\t\t\n\t\t\t\t\t\t<li class=\"\">\n\t\t\t\t\t\t\t\t<a href=\"#Bs1wDR8oUcU\" class=\"yotu-video\" data-videoid=\"Bs1wDR8oUcU\" data-title=\"2017: Claudia Patacca \\&quot;Sola, perduta, abbandonata from Manon Lescaut by Puccini\" title=\"2017: Claudia Patacca &quot;Sola, perduta, abbandonata from Manon Lescaut by Puccini\">\n\t\t\t\t\t<div class=\"yotu-video-thumb-wrp\">\n\t\t\t\t\t\t<div>\n\t\t\t\t\t\t\t\t\t\t\t\t\t\t<img decoding=\"async\" class=\"yotu-video-thumb\" src=\"https:\/\/i.ytimg.com\/vi\/Bs1wDR8oUcU\/sddefault.jpg\" alt=\"2017: Claudia Patacca &quot;Sola, perduta, abbandonata from Manon Lescaut by Puccini\">\t\n\t\t\t\t\t\t\t\t\t\t\t\t\t<\/div>\n\t\t\t\t\t<\/div>\n\t\t\t\t\t\t\t\t\t\t\t<h3 class=\"yotu-video-title\">2017: Claudia Patacca \"Sola, perduta, abbandonata from Manon Lescaut by Puccini<\/h3>\n\t\t\t\t\t\t\t\t\t\t\t\t\t\t\t\t\t\t\t\t\t<div class=\"yotu-video-description\"><\/div>\n\t\t\t\t\t\t\t\t\t<\/a>\n\t\t\t\t\t\t\t<\/li>\n\t\t\t\t\n\t\t\t\t\t\t<li class=\"\">\n\t\t\t\t\t\t\t\t<a href=\"#IKOKRb6C2MU\" class=\"yotu-video\" data-videoid=\"IKOKRb6C2MU\" data-title=\"Souvenirs d\\&#039;enfence by Arthur Honegger - Claudia Patacca &amp; Nick Ross part 9\" title=\"Souvenirs d&#039;enfence by Arthur Honegger - Claudia Patacca &amp; Nick Ross part 9\">\n\t\t\t\t\t<div class=\"yotu-video-thumb-wrp\">\n\t\t\t\t\t\t<div>\n\t\t\t\t\t\t\t\t\t\t\t\t\t\t<img decoding=\"async\" class=\"yotu-video-thumb\" src=\"https:\/\/i.ytimg.com\/vi\/IKOKRb6C2MU\/sddefault.jpg\" alt=\"Souvenirs d&#039;enfence by Arthur Honegger - Claudia Patacca &amp; Nick Ross part 9\">\t\n\t\t\t\t\t\t\t\t\t\t\t\t\t<\/div>\n\t\t\t\t\t<\/div>\n\t\t\t\t\t\t\t\t\t\t\t<h3 class=\"yotu-video-title\">Souvenirs d'enfence by Arthur Honegger - Claudia Patacca &amp; Nick Ross part 9<\/h3>\n\t\t\t\t\t\t\t\t\t\t\t\t\t\t\t\t\t\t\t\t\t<div class=\"yotu-video-description\"><\/div>\n\t\t\t\t\t\t\t\t\t<\/a>\n\t\t\t\t\t\t\t<\/li>\n\t\t\t\t\n\t\t\t\t\t\t<li class=\"\">\n\t\t\t\t\t\t\t\t<a href=\"#bzgA5ZGK0Xs\" class=\"yotu-video\" data-videoid=\"bzgA5ZGK0Xs\" data-title=\"Sie liebten sich beide Op. 13  nr. 2 by Clara Schumann: Claudia Patacca &amp; Marien van Nieukerken\" title=\"Sie liebten sich beide Op. 13  nr. 2 by Clara Schumann: Claudia Patacca &amp; Marien van Nieukerken\">\n\t\t\t\t\t<div class=\"yotu-video-thumb-wrp\">\n\t\t\t\t\t\t<div>\n\t\t\t\t\t\t\t\t\t\t\t\t\t\t<img decoding=\"async\" class=\"yotu-video-thumb\" src=\"https:\/\/i.ytimg.com\/vi\/bzgA5ZGK0Xs\/sddefault.jpg\" alt=\"Sie liebten sich beide Op. 13  nr. 2 by Clara Schumann: Claudia Patacca &amp; Marien van Nieukerken\">\t\n\t\t\t\t\t\t\t\t\t\t\t\t\t<\/div>\n\t\t\t\t\t<\/div>\n\t\t\t\t\t\t\t\t\t\t\t<h3 class=\"yotu-video-title\">Sie liebten sich beide Op. 13  nr. 2 by Clara Schumann: Claudia Patacca &amp; Marien van Nieukerken<\/h3>\n\t\t\t\t\t\t\t\t\t\t\t\t\t\t\t\t\t\t\t\t\t<div class=\"yotu-video-description\"><\/div>\n\t\t\t\t\t\t\t\t\t<\/a>\n\t\t\t\t\t\t\t<\/li>\n\t\t\t\t\n\t\t\t\t\t\t<li class=\"\">\n\t\t\t\t\t\t\t\t<a href=\"#5en3sOUL59I\" class=\"yotu-video\" data-videoid=\"5en3sOUL59I\" data-title=\"Claudia Patacca - Anton\u00edn Dvo\u0159\u00e1k (Lied aan de maan)\" title=\"Claudia Patacca - Anton\u00edn Dvo\u0159\u00e1k (Lied aan de maan)\">\n\t\t\t\t\t<div class=\"yotu-video-thumb-wrp\">\n\t\t\t\t\t\t<div>\n\t\t\t\t\t\t\t\t\t\t\t\t\t\t<img decoding=\"async\" class=\"yotu-video-thumb\" src=\"https:\/\/i.ytimg.com\/vi\/5en3sOUL59I\/sddefault.jpg\" alt=\"Claudia Patacca - Anton\u00edn Dvo\u0159\u00e1k (Lied aan de maan)\">\t\n\t\t\t\t\t\t\t\t\t\t\t\t\t<\/div>\n\t\t\t\t\t<\/div>\n\t\t\t\t\t\t\t\t\t\t\t<h3 class=\"yotu-video-title\">Claudia Patacca - Anton\u00edn Dvo\u0159\u00e1k (Lied aan de maan)<\/h3>\n\t\t\t\t\t\t\t\t\t\t\t\t\t\t\t\t\t\t\t\t\t<div class=\"yotu-video-description\"><\/div>\n\t\t\t\t\t\t\t\t\t<\/a>\n\t\t\t\t\t\t\t<\/li>\n\t\t\t\t\n\t\t\t\t\t\t<li class=\"\">\n\t\t\t\t\t\t\t\t<a href=\"#9tk3Y5lJZ68\" class=\"yotu-video\" data-videoid=\"9tk3Y5lJZ68\" data-title=\"#2 Helpen hopen - Liedjes voor de grote Hoop\" title=\"#2 Helpen hopen - Liedjes voor de grote Hoop\">\n\t\t\t\t\t<div class=\"yotu-video-thumb-wrp\">\n\t\t\t\t\t\t<div>\n\t\t\t\t\t\t\t\t\t\t\t\t\t\t<img decoding=\"async\" class=\"yotu-video-thumb\" src=\"https:\/\/i.ytimg.com\/vi\/9tk3Y5lJZ68\/hqdefault.jpg\" alt=\"#2 Helpen hopen - Liedjes voor de grote Hoop\">\t\n\t\t\t\t\t\t\t\t\t\t\t\t\t<\/div>\n\t\t\t\t\t<\/div>\n\t\t\t\t\t\t\t\t\t\t\t<h3 class=\"yotu-video-title\">#2 Helpen hopen - Liedjes voor de grote Hoop<\/h3>\n\t\t\t\t\t\t\t\t\t\t\t\t\t\t\t\t\t\t\t\t\t<div class=\"yotu-video-description\"><\/div>\n\t\t\t\t\t\t\t\t\t<\/a>\n\t\t\t\t\t\t\t<\/li>\n\t\t\t\t\n\t\t\t\t\t\t<li class=\"\">\n\t\t\t\t\t\t\t\t<a href=\"#Z44NHxRLZM8\" class=\"yotu-video\" data-videoid=\"Z44NHxRLZM8\" data-title=\"Zondagochtend Concert 19 december  2010\" title=\"Zondagochtend Concert 19 december  2010\">\n\t\t\t\t\t<div class=\"yotu-video-thumb-wrp\">\n\t\t\t\t\t\t<div>\n\t\t\t\t\t\t\t\t\t\t\t\t\t\t<img decoding=\"async\" class=\"yotu-video-thumb\" src=\"https:\/\/i.ytimg.com\/vi\/Z44NHxRLZM8\/hqdefault.jpg\" alt=\"Zondagochtend Concert 19 december  2010\">\t\n\t\t\t\t\t\t\t\t\t\t\t\t\t<\/div>\n\t\t\t\t\t<\/div>\n\t\t\t\t\t\t\t\t\t\t\t<h3 class=\"yotu-video-title\">Zondagochtend Concert 19 december  2010<\/h3>\n\t\t\t\t\t\t\t\t\t\t\t\t\t\t\t\t\t\t\t\t\t<div class=\"yotu-video-description\"><\/div>\n\t\t\t\t\t\t\t\t\t<\/a>\n\t\t\t\t\t\t\t<\/li>\n\t\t\t\t\n\t\t\t\t\t\t<li class=\"\">\n\t\t\t\t\t\t\t\t<a href=\"#61DV_AICt3U\" class=\"yotu-video\" data-videoid=\"61DV_AICt3U\" data-title=\"Mozart: La Clemenza di Tito\" title=\"Mozart: La Clemenza di Tito\">\n\t\t\t\t\t<div class=\"yotu-video-thumb-wrp\">\n\t\t\t\t\t\t<div>\n\t\t\t\t\t\t\t\t\t\t\t\t\t\t<img decoding=\"async\" class=\"yotu-video-thumb\" src=\"https:\/\/i.ytimg.com\/vi\/61DV_AICt3U\/hqdefault.jpg\" alt=\"Mozart: La Clemenza di Tito\">\t\n\t\t\t\t\t\t\t\t\t\t\t\t\t<\/div>\n\t\t\t\t\t<\/div>\n\t\t\t\t\t\t\t\t\t\t\t<h3 class=\"yotu-video-title\">Mozart: La Clemenza di Tito<\/h3>\n\t\t\t\t\t\t\t\t\t\t\t\t\t\t\t\t\t\t\t\t\t<div class=\"yotu-video-description\"><\/div>\n\t\t\t\t\t\t\t\t\t<\/a>\n\t\t\t\t\t\t\t<\/li>\n\t\t\t\t\n\t\t\t\t\t\t<li class=\"\">\n\t\t\t\t\t\t\t\t<a href=\"#4jWdgVYhENY\" class=\"yotu-video\" data-videoid=\"4jWdgVYhENY\" data-title=\"Orkest van het Oosten - Bruisende Strauss - 2 januari 2010\" title=\"Orkest van het Oosten - Bruisende Strauss - 2 januari 2010\">\n\t\t\t\t\t<div class=\"yotu-video-thumb-wrp\">\n\t\t\t\t\t\t<div>\n\t\t\t\t\t\t\t\t\t\t\t\t\t\t<img decoding=\"async\" class=\"yotu-video-thumb\" src=\"https:\/\/i.ytimg.com\/vi\/4jWdgVYhENY\/sddefault.jpg\" alt=\"Orkest van het Oosten - Bruisende Strauss - 2 januari 2010\">\t\n\t\t\t\t\t\t\t\t\t\t\t\t\t<\/div>\n\t\t\t\t\t<\/div>\n\t\t\t\t\t\t\t\t\t\t\t<h3 class=\"yotu-video-title\">Orkest van het Oosten - Bruisende Strauss - 2 januari 2010<\/h3>\n\t\t\t\t\t\t\t\t\t\t\t\t\t\t\t\t\t\t\t\t\t<div class=\"yotu-video-description\"><\/div>\n\t\t\t\t\t\t\t\t\t<\/a>\n\t\t\t\t\t\t\t<\/li>\n\t\t\t\t\n\t\t\t\t\t\t<li class=\"\">\n\t\t\t\t\t\t\t\t<a href=\"#Bk9LaW1ZDsA\" class=\"yotu-video\" data-videoid=\"Bk9LaW1ZDsA\" data-title=\"Spiel auf deiner Geige Claudia Patacca Soprano\" title=\"Spiel auf deiner Geige Claudia Patacca Soprano\">\n\t\t\t\t\t<div class=\"yotu-video-thumb-wrp\">\n\t\t\t\t\t\t<div>\n\t\t\t\t\t\t\t\t\t\t\t\t\t\t<img decoding=\"async\" class=\"yotu-video-thumb\" src=\"https:\/\/i.ytimg.com\/vi\/Bk9LaW1ZDsA\/hqdefault.jpg\" alt=\"Spiel auf deiner Geige Claudia Patacca Soprano\">\t\n\t\t\t\t\t\t\t\t\t\t\t\t\t<\/div>\n\t\t\t\t\t<\/div>\n\t\t\t\t\t\t\t\t\t\t\t<h3 class=\"yotu-video-title\">Spiel auf deiner Geige Claudia Patacca Soprano<\/h3>\n\t\t\t\t\t\t\t\t\t\t\t\t\t\t\t\t\t\t\t\t\t<div class=\"yotu-video-description\"><\/div>\n\t\t\t\t\t\t\t\t\t<\/a>\n\t\t\t\t\t\t\t<\/li>\n\t\t\t\t\n\t\t\t\t\t\t<li class=\" yotu-last\">\n\t\t\t\t\t\t\t\t<a href=\"#3Y8Cd_28NVQ\" class=\"yotu-video\" data-videoid=\"3Y8Cd_28NVQ\" data-title=\"Vocalise - Etude by Honegger - Claudia Patacca &amp; Nick Ross part 6\" title=\"Vocalise - Etude by Honegger - Claudia Patacca &amp; Nick Ross part 6\">\n\t\t\t\t\t<div class=\"yotu-video-thumb-wrp\">\n\t\t\t\t\t\t<div>\n\t\t\t\t\t\t\t\t\t\t\t\t\t\t<img decoding=\"async\" class=\"yotu-video-thumb\" src=\"https:\/\/i.ytimg.com\/vi\/3Y8Cd_28NVQ\/hqdefault.jpg\" alt=\"Vocalise - Etude by Honegger - Claudia Patacca &amp; Nick Ross part 6\">\t\n\t\t\t\t\t\t\t\t\t\t\t\t\t<\/div>\n\t\t\t\t\t<\/div>\n\t\t\t\t\t\t\t\t\t\t\t<h3 class=\"yotu-video-title\">Vocalise - Etude by Honegger - Claudia Patacca &amp; Nick Ross part 6<\/h3>\n\t\t\t\t\t\t\t\t\t\t\t\t\t\t\t\t\t\t\t\t\t<div class=\"yotu-video-description\"><\/div>\n\t\t\t\t\t\t\t\t\t<\/a>\n\t\t\t\t\t\t\t<\/li>\n\t\t\t\t\n\t\t\t\t<\/ul>\n<\/div>\t\t\t\t<\/div>\n\t\t\t<\/div>\n\t\t\t\n\n\nngg_shortcode_0_placeholder\n","protected":false},"excerpt":{"rendered":"","protected":false},"author":2,"featured_media":0,"parent":0,"menu_order":0,"comment_status":"closed","ping_status":"closed","template":"","meta":{"ngg_post_thumbnail":0,"_EventAllDay":false,"_EventTimezone":"","_EventStartDate":"","_EventEndDate":"","_EventStartDateUTC":"","_EventEndDateUTC":"","_EventShowMap":false,"_EventShowMapLink":false,"_EventURL":"","_EventCost":"","_EventCostDescription":"","_EventCurrencySymbol":"","_EventCurrencyCode":"","_EventCurrencyPosition":"","_EventDateTimeSeparator":"","_EventTimeRangeSeparator":"","_EventOrganizerID":[],"_EventVenueID":[],"_OrganizerEmail":"","_OrganizerPhone":"","_OrganizerWebsite":"","_VenueAddress":"","_VenueCity":"","_VenueCountry":"","_VenueProvince":"","_VenueState":"","_VenueZip":"","_VenuePhone":"","_VenueURL":"","_VenueStateProvince":"","_VenueLat":"","_VenueLng":"","_VenueShowMap":false,"_VenueShowMapLink":false,"footnotes":""},"class_list":["post-909","page","type-page","status-publish","hentry"],"yoast_head":"<!-- This site is optimized with the Yoast SEO plugin v27.5 - https:\/\/yoast.com\/product\/yoast-seo-wordpress\/ -->\n<title>Media - Claudia Patacca - Sopraan<\/title>\n<meta name=\"robots\" content=\"index, follow, max-snippet:-1, max-image-preview:large, max-video-preview:-1\" \/>\n<link rel=\"canonical\" href=\"https:\/\/www.patacca.nl\/en\/media\/\" \/>\n<meta property=\"og:locale\" content=\"en_US\" \/>\n<meta property=\"og:type\" content=\"article\" \/>\n<meta property=\"og:title\" content=\"Media - Claudia Patacca - Sopraan\" \/>\n<meta property=\"og:url\" content=\"https:\/\/www.patacca.nl\/en\/media\/\" \/>\n<meta property=\"og:site_name\" content=\"Claudia Patacca - Sopraan\" \/>\n<meta property=\"article:modified_time\" content=\"2023-10-28T19:49:13+00:00\" \/>\n<meta name=\"twitter:card\" content=\"summary_large_image\" \/>\n<meta name=\"twitter:label1\" content=\"Est. reading time\" \/>\n\t<meta name=\"twitter:data1\" content=\"1 minute\" \/>\n<script type=\"application\/ld+json\" class=\"yoast-schema-graph\">{\"@context\":\"https:\\\/\\\/schema.org\",\"@graph\":[{\"@type\":\"WebPage\",\"@id\":\"https:\\\/\\\/www.patacca.nl\\\/en\\\/media\\\/\",\"url\":\"https:\\\/\\\/www.patacca.nl\\\/en\\\/media\\\/\",\"name\":\"Media - Claudia Patacca - Sopraan\",\"isPartOf\":{\"@id\":\"https:\\\/\\\/www.patacca.nl\\\/en\\\/#website\"},\"datePublished\":\"2023-03-27T20:06:44+00:00\",\"dateModified\":\"2023-10-28T19:49:13+00:00\",\"breadcrumb\":{\"@id\":\"https:\\\/\\\/www.patacca.nl\\\/en\\\/media\\\/#breadcrumb\"},\"inLanguage\":\"en-US\",\"potentialAction\":[{\"@type\":\"ReadAction\",\"target\":[\"https:\\\/\\\/www.patacca.nl\\\/en\\\/media\\\/\"]}]},{\"@type\":\"BreadcrumbList\",\"@id\":\"https:\\\/\\\/www.patacca.nl\\\/en\\\/media\\\/#breadcrumb\",\"itemListElement\":[{\"@type\":\"ListItem\",\"position\":1,\"name\":\"Home\",\"item\":\"https:\\\/\\\/www.patacca.nl\\\/en\\\/\"},{\"@type\":\"ListItem\",\"position\":2,\"name\":\"Media\"}]},{\"@type\":\"WebSite\",\"@id\":\"https:\\\/\\\/www.patacca.nl\\\/en\\\/#website\",\"url\":\"https:\\\/\\\/www.patacca.nl\\\/en\\\/\",\"name\":\"Claudia Patacca - Sopraan\",\"description\":\"Music is the food of love...           Music was my first love...\",\"potentialAction\":[{\"@type\":\"SearchAction\",\"target\":{\"@type\":\"EntryPoint\",\"urlTemplate\":\"https:\\\/\\\/www.patacca.nl\\\/en\\\/?s={search_term_string}\"},\"query-input\":{\"@type\":\"PropertyValueSpecification\",\"valueRequired\":true,\"valueName\":\"search_term_string\"}}],\"inLanguage\":\"en-US\"}]}<\/script>\n<!-- \/ Yoast SEO plugin. -->","yoast_head_json":{"title":"Media - Claudia Patacca - Sopraan","robots":{"index":"index","follow":"follow","max-snippet":"max-snippet:-1","max-image-preview":"max-image-preview:large","max-video-preview":"max-video-preview:-1"},"canonical":"https:\/\/www.patacca.nl\/en\/media\/","og_locale":"en_US","og_type":"article","og_title":"Media - Claudia Patacca - Sopraan","og_url":"https:\/\/www.patacca.nl\/en\/media\/","og_site_name":"Claudia Patacca - Sopraan","article_modified_time":"2023-10-28T19:49:13+00:00","twitter_card":"summary_large_image","twitter_misc":{"Est. reading time":"1 minute"},"schema":{"@context":"https:\/\/schema.org","@graph":[{"@type":"WebPage","@id":"https:\/\/www.patacca.nl\/en\/media\/","url":"https:\/\/www.patacca.nl\/en\/media\/","name":"Media - Claudia Patacca - Sopraan","isPartOf":{"@id":"https:\/\/www.patacca.nl\/en\/#website"},"datePublished":"2023-03-27T20:06:44+00:00","dateModified":"2023-10-28T19:49:13+00:00","breadcrumb":{"@id":"https:\/\/www.patacca.nl\/en\/media\/#breadcrumb"},"inLanguage":"en-US","potentialAction":[{"@type":"ReadAction","target":["https:\/\/www.patacca.nl\/en\/media\/"]}]},{"@type":"BreadcrumbList","@id":"https:\/\/www.patacca.nl\/en\/media\/#breadcrumb","itemListElement":[{"@type":"ListItem","position":1,"name":"Home","item":"https:\/\/www.patacca.nl\/en\/"},{"@type":"ListItem","position":2,"name":"Media"}]},{"@type":"WebSite","@id":"https:\/\/www.patacca.nl\/en\/#website","url":"https:\/\/www.patacca.nl\/en\/","name":"Claudia Patacca - Sopraan","description":"Music is the food of love...           Music was my first love...","potentialAction":[{"@type":"SearchAction","target":{"@type":"EntryPoint","urlTemplate":"https:\/\/www.patacca.nl\/en\/?s={search_term_string}"},"query-input":{"@type":"PropertyValueSpecification","valueRequired":true,"valueName":"search_term_string"}}],"inLanguage":"en-US"}]}},"_links":{"self":[{"href":"https:\/\/www.patacca.nl\/en\/wp-json\/wp\/v2\/pages\/909","targetHints":{"allow":["GET"]}}],"collection":[{"href":"https:\/\/www.patacca.nl\/en\/wp-json\/wp\/v2\/pages"}],"about":[{"href":"https:\/\/www.patacca.nl\/en\/wp-json\/wp\/v2\/types\/page"}],"author":[{"embeddable":true,"href":"https:\/\/www.patacca.nl\/en\/wp-json\/wp\/v2\/users\/2"}],"replies":[{"embeddable":true,"href":"https:\/\/www.patacca.nl\/en\/wp-json\/wp\/v2\/comments?post=909"}],"version-history":[{"count":2,"href":"https:\/\/www.patacca.nl\/en\/wp-json\/wp\/v2\/pages\/909\/revisions"}],"predecessor-version":[{"id":1046,"href":"https:\/\/www.patacca.nl\/en\/wp-json\/wp\/v2\/pages\/909\/revisions\/1046"}],"wp:attachment":[{"href":"https:\/\/www.patacca.nl\/en\/wp-json\/wp\/v2\/media?parent=909"}],"curies":[{"name":"wp","href":"https:\/\/api.w.org\/{rel}","templated":true}]}}